{"id":67,"date":"2025-12-11T17:09:39","date_gmt":"2025-12-11T16:09:39","guid":{"rendered":"https:\/\/www.rscw.be\/?page_id=67"},"modified":"2026-01-14T15:27:03","modified_gmt":"2026-01-14T14:27:03","slug":"home","status":"publish","type":"page","link":"https:\/\/www.rscw.be\/index.php\/fr\/home\/","title":{"rendered":"Bienvenue"},"content":{"rendered":"\n<div class=\"wp-block-uagb-container uagb-block-b9834a48 alignfull uagb-is-root-container\"><div class=\"uagb-container-inner-blocks-wrap\">\n<div class=\"wp-block-uagb-advanced-heading uagb-block-e24f4091\"><h2 class=\"uagb-heading-text\">Roller Skating Club Wauterbos<\/h2><\/div>\n\n\n\n<p>Bienvenue dans notre club de patinage artistique en roller, o\u00f9 passion, cr\u00e9ativit\u00e9 et technique se rencontrent sur roulettes ! Nous proposons des cours pour tous les \u00e2ges et tous les niveaux.<\/p>\n\n\n\n<div class=\"wp-block-uagb-buttons uagb-buttons__outer-wrap uagb-btn__default-btn uagb-btn-tablet__default-btn uagb-btn-mobile__default-btn uagb-block-3b9f98d2\"><div class=\"uagb-buttons__wrap uagb-buttons-layout-wrap \">\n<div class=\"wp-block-uagb-buttons-child uagb-buttons__outer-wrap uagb-block-8659b6b0 wp-block-button\"><div class=\"uagb-button__wrapper\"><a class=\"uagb-buttons-repeater wp-block-button__link\" aria-label=\"\" href=\"https:\/\/www.rscw.be\/index.php\/fr\/contact\/\" rel=\"follow noopener\" target=\"_self\" role=\"button\"><div class=\"uagb-button__link\">INSCRIPTION<\/div><\/a><\/div><\/div>\n\n\n\n<div class=\"wp-block-uagb-buttons-child uagb-buttons__outer-wrap uagb-block-0681ed61 wp-block-button\"><div class=\"uagb-button__wrapper\"><a class=\"uagb-buttons-repeater wp-block-button__link\" aria-label=\"\" href=\"https:\/\/www.rscw.be\/index.php\/fr\/gg\/\" rel=\"follow noopener\" target=\"_self\" role=\"button\"><div class=\"uagb-button__link\">EN SAVOIR PLUS<\/div><\/a><\/div><\/div>\n<\/div><\/div>\n<\/div><\/div>\n","protected":false},"excerpt":{"rendered":"<p>Roller Skating Club Wauterbos Bienvenue dans notre club de patinage artistique en roller, o\u00f9 passion, cr\u00e9ativit\u00e9 et technique se rencontrent sur roulettes ! Nous proposons des cours pour tous les \u00e2ges et tous les niveaux.<\/p>\n","protected":false},"author":2,"featured_media":0,"parent":0,"menu_order":0,"comment_status":"closed","ping_status":"closed","template":"","meta":{"_uag_custom_page_level_css":"","footnotes":""},"class_list":["post-67","page","type-page","status-publish","hentry"],"uagb_featured_image_src":{"full":false,"thumbnail":false,"medium":false,"medium_large":false,"large":false,"1536x1536":false,"2048x2048":false,"adventure-trekking-camp-featured-image":false,"adventure-trekking-camp-thumbnail-avatar":false},"uagb_author_info":{"display_name":"Brigritte","author_link":"https:\/\/www.rscw.be\/index.php\/author\/brigitte852\/"},"uagb_comment_info":0,"uagb_excerpt":"Roller Skating Club Wauterbos Bienvenue dans notre club de patinage artistique en roller, o\u00f9 passion, cr\u00e9ativit\u00e9 et technique se rencontrent sur roulettes ! Nous proposons des cours pour tous les \u00e2ges et tous les niveaux.","_links":{"self":[{"href":"https:\/\/www.rscw.be\/index.php\/wp-json\/wp\/v2\/pages\/67","targetHints":{"allow":["GET"]}}],"collection":[{"href":"https:\/\/www.rscw.be\/index.php\/wp-json\/wp\/v2\/pages"}],"about":[{"href":"https:\/\/www.rscw.be\/index.php\/wp-json\/wp\/v2\/types\/page"}],"author":[{"embeddable":true,"href":"https:\/\/www.rscw.be\/index.php\/wp-json\/wp\/v2\/users\/2"}],"replies":[{"embeddable":true,"href":"https:\/\/www.rscw.be\/index.php\/wp-json\/wp\/v2\/comments?post=67"}],"version-history":[{"count":24,"href":"https:\/\/www.rscw.be\/index.php\/wp-json\/wp\/v2\/pages\/67\/revisions"}],"predecessor-version":[{"id":371,"href":"https:\/\/www.rscw.be\/index.php\/wp-json\/wp\/v2\/pages\/67\/revisions\/371"}],"wp:attachment":[{"href":"https:\/\/www.rscw.be\/index.php\/wp-json\/wp\/v2\/media?parent=67"}],"curies":[{"name":"wp","href":"https:\/\/api.w.org\/{rel}","templated":true}]}}