{"id":65,"date":"2025-12-11T17:09:31","date_gmt":"2025-12-11T16:09:31","guid":{"rendered":"https:\/\/www.rscw.be\/?page_id=65"},"modified":"2026-01-14T19:44:43","modified_gmt":"2026-01-14T18:44:43","slug":"calendar","status":"publish","type":"page","link":"https:\/\/www.rscw.be\/index.php\/fr\/calendar\/","title":{"rendered":"Calendrier"},"content":{"rendered":"\n<h2 class=\"wp-block-heading has-text-align-center has-white-color has-vivid-cyan-blue-background-color has-text-color has-background has-link-color wp-elements-2d40b42f5164a7b28b2ab6ea3812b0e0\" style=\"font-size:24px\">HORRAIRES | P\u00e9riode scolaire<\/h2>\n\n\n\n<div class=\"wp-block-uagb-container uagb-block-18175500 alignfull uagb-is-root-container\"><div class=\"uagb-container-inner-blocks-wrap\">\n<div class=\"wp-block-uagb-container uagb-block-26d991da\">\n<div class=\"wp-block-uagb-advanced-heading uagb-block-6a760f48\"><h4 class=\"uagb-heading-text\">Mercredi 17h-18h<\/h4><\/div>\n\n\n\n<figure class=\"wp-block-image size-full\"><img loading=\"lazy\" decoding=\"async\" width=\"750\" height=\"558\" src=\"http:\/\/www.rscw.be\/wp-content\/uploads\/2025\/12\/WhatsApp-Image-2025-12-15-a-13.02.13_b1095959.jpg\" alt=\"\" class=\"wp-image-212\" style=\"aspect-ratio:4\/3;object-fit:cover\" srcset=\"https:\/\/www.rscw.be\/wp-content\/uploads\/2025\/12\/WhatsApp-Image-2025-12-15-a-13.02.13_b1095959.jpg 750w, https:\/\/www.rscw.be\/wp-content\/uploads\/2025\/12\/WhatsApp-Image-2025-12-15-a-13.02.13_b1095959-300x223.jpg 300w\" sizes=\"auto, (max-width: 750px) 100vw, 750px\" \/><\/figure>\n\n\n\n<p class=\"has-text-align-center\">Groupe recreatif<\/p>\n<\/div>\n\n\n\n<div class=\"wp-block-uagb-container uagb-block-0d41931d\">\n<div class=\"wp-block-uagb-advanced-heading uagb-block-c091e5f1\"><h4 class=\"uagb-heading-text\">Samedi 12h-14h<\/h4><\/div>\n\n\n<div class=\"wp-block-image is-style-default\">\n<figure class=\"aligncenter size-full\"><img decoding=\"async\" src=\"http:\/\/www.rscw.be\/wp-content\/uploads\/2025\/12\/CAN_0923.jpg\" alt=\"\" class=\"wp-image-216\" style=\"aspect-ratio:4\/3;object-fit:cover\"\/><\/figure><\/div>\n\n\n<p class=\"has-text-align-center\">Groupe comp\u00e9titif &amp; Handisport<\/p>\n<\/div>\n\n\n\n<div class=\"wp-block-uagb-container uagb-block-118e3293\">\n<div class=\"wp-block-uagb-advanced-heading uagb-block-ad840fb3\"><h4 class=\"uagb-heading-text\">Dimanche 14h-16h<\/h4><\/div>\n\n\n<div class=\"wp-block-image is-style-default\">\n<figure class=\"aligncenter size-full\"><img loading=\"lazy\" decoding=\"async\" width=\"1600\" height=\"1200\" src=\"http:\/\/www.rscw.be\/wp-content\/uploads\/2025\/12\/WhatsApp-Image-2025-12-15-a-13.28.21_c5ca1e7f.jpg\" alt=\"\" class=\"wp-image-220\" style=\"aspect-ratio:4\/3;object-fit:cover\" srcset=\"https:\/\/www.rscw.be\/wp-content\/uploads\/2025\/12\/WhatsApp-Image-2025-12-15-a-13.28.21_c5ca1e7f.jpg 1600w, https:\/\/www.rscw.be\/wp-content\/uploads\/2025\/12\/WhatsApp-Image-2025-12-15-a-13.28.21_c5ca1e7f-300x225.jpg 300w, https:\/\/www.rscw.be\/wp-content\/uploads\/2025\/12\/WhatsApp-Image-2025-12-15-a-13.28.21_c5ca1e7f-1024x768.jpg 1024w, https:\/\/www.rscw.be\/wp-content\/uploads\/2025\/12\/WhatsApp-Image-2025-12-15-a-13.28.21_c5ca1e7f-768x576.jpg 768w, https:\/\/www.rscw.be\/wp-content\/uploads\/2025\/12\/WhatsApp-Image-2025-12-15-a-13.28.21_c5ca1e7f-1536x1152.jpg 1536w\" sizes=\"auto, (max-width: 1600px) 100vw, 1600px\" \/><\/figure><\/div>\n\n\n<p class=\"has-text-align-center\">Groupe comp\u00e9titif &amp; recreatif<\/p>\n<\/div>\n<\/div><\/div>\n\n\n\n<h2 class=\"wp-block-heading has-text-align-center has-white-color has-vivid-cyan-blue-background-color has-text-color has-background has-link-color wp-elements-267ebe591d18ff646664212592162ae4\" style=\"font-size:24px\">Rejoignez nos \u00e9v\u00e9nements<\/h2>\n\n\n\n<div class=\"wp-block-uagb-container uagb-block-11ff957d alignfull uagb-is-root-container\"><div class=\"uagb-container-inner-blocks-wrap\">\n<figure class=\"wp-block-gallery has-nested-images columns-default is-cropped wp-block-gallery-1 is-layout-flex wp-block-gallery-is-layout-flex\">\n<figure class=\"wp-block-image size-large\"><img loading=\"lazy\" decoding=\"async\" width=\"739\" height=\"1024\" data-id=\"389\" src=\"https:\/\/www.rscw.be\/wp-content\/uploads\/2026\/01\/WhatsApp-Image-2026-01-11-at-17.23.17-1-739x1024.jpeg\" alt=\"\" class=\"wp-image-389\" srcset=\"https:\/\/www.rscw.be\/wp-content\/uploads\/2026\/01\/WhatsApp-Image-2026-01-11-at-17.23.17-1-739x1024.jpeg 739w, https:\/\/www.rscw.be\/wp-content\/uploads\/2026\/01\/WhatsApp-Image-2026-01-11-at-17.23.17-1-216x300.jpeg 216w, https:\/\/www.rscw.be\/wp-content\/uploads\/2026\/01\/WhatsApp-Image-2026-01-11-at-17.23.17-1-768x1065.jpeg 768w, https:\/\/www.rscw.be\/wp-content\/uploads\/2026\/01\/WhatsApp-Image-2026-01-11-at-17.23.17-1-1108x1536.jpeg 1108w, https:\/\/www.rscw.be\/wp-content\/uploads\/2026\/01\/WhatsApp-Image-2026-01-11-at-17.23.17-1.jpeg 1141w\" sizes=\"auto, (max-width: 739px) 100vw, 739px\" \/><\/figure>\n\n\n\n<figure class=\"wp-block-image size-large\"><img loading=\"lazy\" decoding=\"async\" width=\"724\" height=\"1024\" data-id=\"390\" src=\"https:\/\/www.rscw.be\/wp-content\/uploads\/2026\/01\/WhatsApp-Image-2026-01-13-at-23.40.17-724x1024.jpeg\" alt=\"\" class=\"wp-image-390\" srcset=\"https:\/\/www.rscw.be\/wp-content\/uploads\/2026\/01\/WhatsApp-Image-2026-01-13-at-23.40.17-724x1024.jpeg 724w, https:\/\/www.rscw.be\/wp-content\/uploads\/2026\/01\/WhatsApp-Image-2026-01-13-at-23.40.17-212x300.jpeg 212w, https:\/\/www.rscw.be\/wp-content\/uploads\/2026\/01\/WhatsApp-Image-2026-01-13-at-23.40.17-768x1086.jpeg 768w, https:\/\/www.rscw.be\/wp-content\/uploads\/2026\/01\/WhatsApp-Image-2026-01-13-at-23.40.17-1086x1536.jpeg 1086w, https:\/\/www.rscw.be\/wp-content\/uploads\/2026\/01\/WhatsApp-Image-2026-01-13-at-23.40.17.jpeg 1131w\" sizes=\"auto, (max-width: 724px) 100vw, 724px\" \/><\/figure>\n<\/figure>\n<\/div><\/div>\n\n\n\n<p><\/p>\n","protected":false},"excerpt":{"rendered":"<p>HORRAIRES | P\u00e9riode scolaire Mercredi 17h-18h Groupe recreatif Samedi 12h-14h Groupe comp\u00e9titif &amp; Handisport Dimanche 14h-16h Groupe comp\u00e9titif &amp; recreatif Rejoignez nos \u00e9v\u00e9nements<\/p>\n","protected":false},"author":2,"featured_media":0,"parent":0,"menu_order":0,"comment_status":"closed","ping_status":"closed","template":"","meta":{"_uag_custom_page_level_css":"","footnotes":""},"class_list":["post-65","page","type-page","status-publish","hentry"],"uagb_featured_image_src":{"full":false,"thumbnail":false,"medium":false,"medium_large":false,"large":false,"1536x1536":false,"2048x2048":false,"adventure-trekking-camp-featured-image":false,"adventure-trekking-camp-thumbnail-avatar":false},"uagb_author_info":{"display_name":"Brigritte","author_link":"https:\/\/www.rscw.be\/index.php\/author\/brigitte852\/"},"uagb_comment_info":0,"uagb_excerpt":"HORRAIRES | P\u00e9riode scolaire Mercredi 17h-18h Groupe recreatif Samedi 12h-14h Groupe comp\u00e9titif &amp; Handisport Dimanche 14h-16h Groupe comp\u00e9titif &amp; recreatif Rejoignez nos \u00e9v\u00e9nements","_links":{"self":[{"href":"https:\/\/www.rscw.be\/index.php\/wp-json\/wp\/v2\/pages\/65","targetHints":{"allow":["GET"]}}],"collection":[{"href":"https:\/\/www.rscw.be\/index.php\/wp-json\/wp\/v2\/pages"}],"about":[{"href":"https:\/\/www.rscw.be\/index.php\/wp-json\/wp\/v2\/types\/page"}],"author":[{"embeddable":true,"href":"https:\/\/www.rscw.be\/index.php\/wp-json\/wp\/v2\/users\/2"}],"replies":[{"embeddable":true,"href":"https:\/\/www.rscw.be\/index.php\/wp-json\/wp\/v2\/comments?post=65"}],"version-history":[{"count":26,"href":"https:\/\/www.rscw.be\/index.php\/wp-json\/wp\/v2\/pages\/65\/revisions"}],"predecessor-version":[{"id":397,"href":"https:\/\/www.rscw.be\/index.php\/wp-json\/wp\/v2\/pages\/65\/revisions\/397"}],"wp:attachment":[{"href":"https:\/\/www.rscw.be\/index.php\/wp-json\/wp\/v2\/media?parent=65"}],"curies":[{"name":"wp","href":"https:\/\/api.w.org\/{rel}","templated":true}]}}