{"id":61,"date":"2025-12-11T16:26:45","date_gmt":"2025-12-11T15:26:45","guid":{"rendered":"https:\/\/www.rscw.be\/?page_id=61"},"modified":"2026-01-14T15:46:18","modified_gmt":"2026-01-14T14:46:18","slug":"gg","status":"publish","type":"page","link":"https:\/\/www.rscw.be\/index.php\/fr\/gg\/","title":{"rendered":"Informations"},"content":{"rendered":"\n<div class=\"wp-block-uagb-container uagb-block-106771f6 alignfull uagb-is-root-container\"><div class=\"uagb-container-inner-blocks-wrap\">\n<div class=\"wp-block-uagb-advanced-heading uagb-block-578207a4\"><h2 class=\"uagb-heading-text\">Inscriptions et tarifs<\/h2><\/div>\n\n\n\n<p>L&rsquo;adh\u00e9sion co\u00fbte 125 euros ou 250 euros avec les cours collectifs du mercredi inclus.<br>Chaque s\u00e9ance de patinage co\u00fbte 5 euros. Une partie des frais peut \u00eatre rembours\u00e9e par certaines mutuelles.<br>Un formulaire est n\u00e9cessaire \u00e0 cet effet. Si vous rencontrez des difficult\u00e9s financi\u00e8res ou si vous vous trouvez dans une situation difficile, n&rsquo;h\u00e9sitez pas \u00e0 nous en parler.<br>Nous estimons qu&rsquo;il est important que ce sport soit accessible \u00e0 tous. Avant de prendre une d\u00e9cision, vous pouvez suivre un premier cours d&rsquo;essai enti\u00e8rement gratuit !<br>Il est n\u00e9cessaire de r\u00e9server, par t\u00e9l\u00e9phone ou par e-mail.<\/p>\n\n\n\n<div class=\"wp-block-uagb-separator uagb-block-aafb51e3\"><div class=\"wp-block-uagb-separator__inner\" style=\"--my-background-image:\"><\/div><\/div>\n\n\n\n<div class=\"wp-block-uagb-info-box uagb-block-2900d99c uagb-infobox__content-wrap  uagb-infobox-icon-above-title uagb-infobox-image-valign-top\"><div class=\"uagb-ifb-content\"><div class=\"uagb-ifb-title-wrap\"><h3 class=\"uagb-ifb-title\">Le patin \u00e0 roulettes, c\u2019est quoi\u202f?<\/h3><\/div><p class=\"uagb-ifb-desc\">Le patinage artistique \u00e0 roulettes est un sport magnifique qui combine les \u00e9l\u00e9ments du patinage artistique avec la libert\u00e9 et le plaisir du patinage \u00e0 roulettes. Il s&rsquo;agit d&rsquo;une discipline dans laquelle les athl\u00e8tes ex\u00e9cutent des figures artistiques et des chor\u00e9graphies sur roulettes en musique, comme dans le patinage sur glace.\u2028Ce sport exige \u00e0 la fois des comp\u00e9tences techniques et de la cr\u00e9ativit\u00e9, les athl\u00e8tes devant ma\u00eetriser leur vitesse, leur \u00e9quilibre, leur souplesse et leur pr\u00e9cision pour pr\u00e9senter des routines impressionnantes et \u00e9l\u00e9gantes.\u2028\u200b\u2028Le patinage artistique \u00e0 roulettes se pratique \u00e0 diff\u00e9rents niveaux, de loisir \u00e0 comp\u00e9tition, et peut \u00eatre pratiqu\u00e9 individuellement ou en \u00e9quipe.\u2028Les routines consistent souvent en une combinaison de sauts, de pirouettes, de mouvements de danse et de figures stylistiques, permettant aux athl\u00e8tes d&rsquo;exprimer leur personnalit\u00e9 et leur sens artistique.\u2028\u200bC&rsquo;est un sport accessible \u00e0 tous, quel que soit l&rsquo;\u00e2ge ou l&rsquo;exp\u00e9rience, et qui offre un excellent moyen de d\u00e9velopper ses capacit\u00e9s physiques et artistiques. Le patinage artistique peut \u00eatre pratiqu\u00e9 en int\u00e9rieur ou en ext\u00e9rieur, avec des comp\u00e9titions r\u00e9cr\u00e9atives et professionnelles organis\u00e9es dans le monde entier.\u2028\u200bQue vous soyez un d\u00e9butant souhaitant apprendre les bases ou un athl\u00e8te confirm\u00e9 se pr\u00e9parant pour une comp\u00e9tition, le patinage artistique offre une exp\u00e9rience unique alliant vitesse, rythme et expression.<\/p><\/div><\/div>\n<\/div><\/div>\n","protected":false},"excerpt":{"rendered":"<p>Inscriptions et tarifs L&rsquo;adh\u00e9sion co\u00fbte 125 euros ou 250 euros avec les cours collectifs du mercredi inclus.Chaque s\u00e9ance de patinage co\u00fbte 5 euros. Une partie des frais peut \u00eatre rembours\u00e9e par certaines mutuelles.Un formulaire est n\u00e9cessaire \u00e0 cet effet. Si vous rencontrez des difficult\u00e9s financi\u00e8res ou si vous vous trouvez dans une situation difficile, n&rsquo;h\u00e9sitez [&hellip;]<\/p>\n","protected":false},"author":2,"featured_media":0,"parent":0,"menu_order":0,"comment_status":"closed","ping_status":"closed","template":"","meta":{"_uag_custom_page_level_css":"","footnotes":""},"class_list":["post-61","page","type-page","status-publish","hentry"],"uagb_featured_image_src":{"full":false,"thumbnail":false,"medium":false,"medium_large":false,"large":false,"1536x1536":false,"2048x2048":false,"adventure-trekking-camp-featured-image":false,"adventure-trekking-camp-thumbnail-avatar":false},"uagb_author_info":{"display_name":"Brigritte","author_link":"https:\/\/www.rscw.be\/index.php\/author\/brigitte852\/"},"uagb_comment_info":0,"uagb_excerpt":"Inscriptions et tarifs L&rsquo;adh\u00e9sion co\u00fbte 125 euros ou 250 euros avec les cours collectifs du mercredi inclus.Chaque s\u00e9ance de patinage co\u00fbte 5 euros. Une partie des frais peut \u00eatre rembours\u00e9e par certaines mutuelles.Un formulaire est n\u00e9cessaire \u00e0 cet effet. Si vous rencontrez des difficult\u00e9s financi\u00e8res ou si vous vous trouvez dans une situation difficile, n&rsquo;h\u00e9sitez\u2026","_links":{"self":[{"href":"https:\/\/www.rscw.be\/index.php\/wp-json\/wp\/v2\/pages\/61","targetHints":{"allow":["GET"]}}],"collection":[{"href":"https:\/\/www.rscw.be\/index.php\/wp-json\/wp\/v2\/pages"}],"about":[{"href":"https:\/\/www.rscw.be\/index.php\/wp-json\/wp\/v2\/types\/page"}],"author":[{"embeddable":true,"href":"https:\/\/www.rscw.be\/index.php\/wp-json\/wp\/v2\/users\/2"}],"replies":[{"embeddable":true,"href":"https:\/\/www.rscw.be\/index.php\/wp-json\/wp\/v2\/comments?post=61"}],"version-history":[{"count":5,"href":"https:\/\/www.rscw.be\/index.php\/wp-json\/wp\/v2\/pages\/61\/revisions"}],"predecessor-version":[{"id":374,"href":"https:\/\/www.rscw.be\/index.php\/wp-json\/wp\/v2\/pages\/61\/revisions\/374"}],"wp:attachment":[{"href":"https:\/\/www.rscw.be\/index.php\/wp-json\/wp\/v2\/media?parent=61"}],"curies":[{"name":"wp","href":"https:\/\/api.w.org\/{rel}","templated":true}]}}