{"id":57,"date":"2025-12-11T16:19:46","date_gmt":"2025-12-11T15:19:46","guid":{"rendered":"https:\/\/www.rscw.be\/?page_id=57"},"modified":"2025-12-12T14:54:03","modified_gmt":"2025-12-12T13:54:03","slug":"about-us","status":"publish","type":"page","link":"https:\/\/www.rscw.be\/index.php\/fr\/about-us\/","title":{"rendered":"\u00c0 propos de nous"},"content":{"rendered":"\n<div class=\"wp-block-media-text is-stacked-on-mobile\" style=\"grid-template-columns:16% auto\"><figure class=\"wp-block-media-text__media\"><img loading=\"lazy\" decoding=\"async\" width=\"758\" height=\"887\" src=\"http:\/\/www.rscw.be\/wp-content\/uploads\/2025\/06\/cropped-Liliana.jpg\" alt=\"\" class=\"wp-image-8 size-full\" srcset=\"https:\/\/www.rscw.be\/wp-content\/uploads\/2025\/06\/cropped-Liliana.jpg 758w, https:\/\/www.rscw.be\/wp-content\/uploads\/2025\/06\/cropped-Liliana-256x300.jpg 256w\" sizes=\"auto, (max-width: 758px) 100vw, 758px\" \/><\/figure><div class=\"wp-block-media-text__content\">\n<p><strong>Coordinatrice des sports pour les jeunes | Liliana Huerta<\/strong><\/p>\n\n\n\n<ul class=\"wp-block-list\">\n<li>Fondateur RSCW<\/li>\n\n\n\n<li>Personne de contact pour l&rsquo;inscription et les conseils dans le club de sport<\/li>\n\n\n\n<li>Participation \u00e0 des stages internationaux de patins \u00e0 roulettes artistiques<\/li>\n\n\n\n<li>Volontaire aux World Roller Games 2019 et Manager au World Skate Games en 2024<\/li>\n\n\n\n<li>Exp\u00e9rience du coaching lors de comp\u00e9titions nationales et internationales<\/li>\n<\/ul>\n<\/div><\/div>\n\n\n\n<div class=\"wp-block-media-text is-stacked-on-mobile\" style=\"grid-template-columns:16% auto\"><figure class=\"wp-block-media-text__media\"><img loading=\"lazy\" decoding=\"async\" width=\"868\" height=\"1024\" src=\"http:\/\/www.rscw.be\/wp-content\/uploads\/2025\/06\/cropped-5-copie-6-868x1024.jpg\" alt=\"\" class=\"wp-image-5 size-full\" srcset=\"https:\/\/www.rscw.be\/wp-content\/uploads\/2025\/06\/cropped-5-copie-6-868x1024.jpg 868w, https:\/\/www.rscw.be\/wp-content\/uploads\/2025\/06\/cropped-5-copie-6-254x300.jpg 254w, https:\/\/www.rscw.be\/wp-content\/uploads\/2025\/06\/cropped-5-copie-6-768x906.jpg 768w, https:\/\/www.rscw.be\/wp-content\/uploads\/2025\/06\/cropped-5-copie-6-1302x1536.jpg 1302w, https:\/\/www.rscw.be\/wp-content\/uploads\/2025\/06\/cropped-5-copie-6.jpg 1500w\" sizes=\"auto, (max-width: 868px) 100vw, 868px\" \/><\/figure><div class=\"wp-block-media-text__content\">\n<p><strong>Entra\u00eeneur<\/strong> <strong>| Brigitte Lopez<\/strong><\/p>\n\n\n\n<ul class=\"wp-block-list\">\n<li>Championne de Belgique de patins \u00e0 roulette 2008 &#8211; 2016<\/li>\n\n\n\n<li>Plusieurs prix sportifs remport\u00e9s pour la ville de Bruxelles et Rhode-Saint-Gen\u00e8se<\/li>\n\n\n\n<li>Dipl\u00f4me d&rsquo;instructrice de patinage \u00e0 roulettes et de patinage sur glace obtenu aupr\u00e8s de la VTS<\/li>\n\n\n\n<li>Dipl\u00f4me d&rsquo;enseignante d&rsquo;\u00e9ducation physique<\/li>\n\n\n\n<li>Exp\u00e9rience en coaching lors de comp\u00e9titions et d&rsquo;\u00e9v\u00e9nements<\/li>\n<\/ul>\n\n\n\n<p><\/p>\n<\/div><\/div>\n\n\n\n<div class=\"wp-block-media-text is-stacked-on-mobile\" style=\"grid-template-columns:16% auto\"><figure class=\"wp-block-media-text__media\"><img loading=\"lazy\" decoding=\"async\" width=\"836\" height=\"1024\" src=\"https:\/\/www.rscw.be\/wp-content\/uploads\/2025\/12\/image-luna-836x1024.jpeg\" alt=\"\" class=\"wp-image-131 size-full\" srcset=\"https:\/\/www.rscw.be\/wp-content\/uploads\/2025\/12\/image-luna-836x1024.jpeg 836w, https:\/\/www.rscw.be\/wp-content\/uploads\/2025\/12\/image-luna-245x300.jpeg 245w, https:\/\/www.rscw.be\/wp-content\/uploads\/2025\/12\/image-luna-768x940.jpeg 768w, https:\/\/www.rscw.be\/wp-content\/uploads\/2025\/12\/image-luna-1255x1536.jpeg 1255w, https:\/\/www.rscw.be\/wp-content\/uploads\/2025\/12\/image-luna.jpeg 1307w\" sizes=\"auto, (max-width: 836px) 100vw, 836px\" \/><\/figure><div class=\"wp-block-media-text__content\">\n<p><strong>Entra\u00eeneur | Luna Lopez<\/strong><\/p>\n\n\n\n<ul class=\"wp-block-list\">\n<li>Champion belge de patins \u00e0 roulettes artistiques \u00e0 plusieurs reprises<\/li>\n\n\n\n<li>Plusieurs laur\u00e9ats sportifs obtenus par la ville de Bruxelles et Rhode-Saint-Gen\u00e8se<\/li>\n\n\n\n<li>Dipl\u00f4me d&rsquo;initiateur de patins \u00e0 roulettes par le VTS<\/li>\n\n\n\n<li>Exp\u00e9rience de coaching lors de matchs\u00a0et\u00a0d&rsquo;\u00e9v\u00e9nements<\/li>\n<\/ul>\n<\/div><\/div>\n","protected":false},"excerpt":{"rendered":"","protected":false},"author":2,"featured_media":0,"parent":0,"menu_order":0,"comment_status":"closed","ping_status":"closed","template":"","meta":{"_uag_custom_page_level_css":"","footnotes":""},"class_list":["post-57","page","type-page","status-publish","hentry"],"uagb_featured_image_src":{"full":false,"thumbnail":false,"medium":false,"medium_large":false,"large":false,"1536x1536":false,"2048x2048":false,"adventure-trekking-camp-featured-image":false,"adventure-trekking-camp-thumbnail-avatar":false},"uagb_author_info":{"display_name":"Brigritte","author_link":"https:\/\/www.rscw.be\/index.php\/author\/brigitte852\/"},"uagb_comment_info":0,"uagb_excerpt":null,"_links":{"self":[{"href":"https:\/\/www.rscw.be\/index.php\/wp-json\/wp\/v2\/pages\/57","targetHints":{"allow":["GET"]}}],"collection":[{"href":"https:\/\/www.rscw.be\/index.php\/wp-json\/wp\/v2\/pages"}],"about":[{"href":"https:\/\/www.rscw.be\/index.php\/wp-json\/wp\/v2\/types\/page"}],"author":[{"embeddable":true,"href":"https:\/\/www.rscw.be\/index.php\/wp-json\/wp\/v2\/users\/2"}],"replies":[{"embeddable":true,"href":"https:\/\/www.rscw.be\/index.php\/wp-json\/wp\/v2\/comments?post=57"}],"version-history":[{"count":7,"href":"https:\/\/www.rscw.be\/index.php\/wp-json\/wp\/v2\/pages\/57\/revisions"}],"predecessor-version":[{"id":229,"href":"https:\/\/www.rscw.be\/index.php\/wp-json\/wp\/v2\/pages\/57\/revisions\/229"}],"wp:attachment":[{"href":"https:\/\/www.rscw.be\/index.php\/wp-json\/wp\/v2\/media?parent=57"}],"curies":[{"name":"wp","href":"https:\/\/api.w.org\/{rel}","templated":true}]}}